{"id":3321,"date":"2023-04-07T10:34:09","date_gmt":"2023-04-07T10:34:09","guid":{"rendered":"https:\/\/test.aperol.com\/stg\/aperol-spritz-cocktail\/"},"modified":"2026-03-11T12:17:15","modified_gmt":"2026-03-11T12:17:15","slug":"aperol-spritz-drink","status":"publish","type":"page","link":"https:\/\/test.aperol.com\/stg\/pl-pl\/aperol-spritz-drink\/","title":{"rendered":"Aperol Spritz koktajl"},"content":{"rendered":"","protected":false},"excerpt":{"rendered":"","protected":false},"author":3,"featured_media":764,"parent":0,"menu_order":0,"comment_status":"closed","ping_status":"closed","template":"templates\/tpl-blocks.php","meta":{"_acf_changed":false,"footnotes":""},"class_list":["post-3321","page","type-page","status-publish","has-post-thumbnail","hentry"],"acf":[],"yoast_head":"<!-- This site is optimized with the Yoast SEO plugin v26.9 - https:\/\/yoast.com\/product\/yoast-seo-wordpress\/ -->\n<title>Aperol Spritz przepis: jak przygotowa\u0107 oryginalny drink<\/title>\n<meta name=\"description\" content=\"Poznaj oryginalny przepis na Aperol Spritz: w\u0142a\u015bciwe sk\u0142adniki, dok\u0142adne proporcje i przydatne wskaz\u00f3wki, jak przygotowa\u0107 ten s\u0142ynny w\u0142oski koktajl!\" \/>\n<meta name=\"robots\" content=\"noindex, follow, max-snippet:-1, max-image-preview:large, max-video-preview:-1\" \/>\n<meta property=\"og:type\" content=\"article\" \/>\n<meta property=\"og:title\" content=\"Aperol Spritz przepis: jak przygotowa\u0107 oryginalny drink\" \/>\n<meta property=\"og:description\" content=\"Poznaj oryginalny przepis na Aperol Spritz: w\u0142a\u015bciwe sk\u0142adniki, dok\u0142adne proporcje i przydatne wskaz\u00f3wki, jak przygotowa\u0107 ten s\u0142ynny w\u0142oski koktajl!\" \/>\n<meta property=\"og:url\" content=\"https:\/\/www.aperol.com\/pl-pl\/aperol-spritz-drink\/\" \/>\n<meta property=\"og:site_name\" content=\"Aperol-poland-pl\" \/>\n<meta property=\"article:modified_time\" content=\"2026-03-11T12:17:15+00:00\" \/>\n<meta property=\"og:image\" content=\"https:\/\/www.aperol.com\/app\/uploads\/2023\/04\/Tip-and-Tricks-5.jpg\" \/>\n\t<meta property=\"og:image:width\" content=\"765\" \/>\n\t<meta property=\"og:image:height\" content=\"624\" \/>\n\t<meta property=\"og:image:type\" content=\"image\/jpeg\" \/>\n<meta name=\"twitter:card\" content=\"summary_large_image\" \/>\n<!-- \/ Yoast SEO plugin. -->","yoast_head_json":{"title":"Aperol Spritz przepis: jak przygotowa\u0107 oryginalny drink","description":"Poznaj oryginalny przepis na Aperol Spritz: w\u0142a\u015bciwe sk\u0142adniki, dok\u0142adne proporcje i przydatne wskaz\u00f3wki, jak przygotowa\u0107 ten s\u0142ynny w\u0142oski koktajl!","robots":{"index":"noindex","follow":"follow","max-snippet":"max-snippet:-1","max-image-preview":"max-image-preview:large","max-video-preview":"max-video-preview:-1"},"og_type":"article","og_title":"Aperol Spritz przepis: jak przygotowa\u0107 oryginalny drink","og_description":"Poznaj oryginalny przepis na Aperol Spritz: w\u0142a\u015bciwe sk\u0142adniki, dok\u0142adne proporcje i przydatne wskaz\u00f3wki, jak przygotowa\u0107 ten s\u0142ynny w\u0142oski koktajl!","og_url":"https:\/\/test.aperol.com\/stg\/pl-pl\/aperol-spritz-drink\/","og_site_name":"Aperol-poland-pl","article_modified_time":"2026-03-11T12:17:15+00:00","og_image":[{"width":765,"height":624,"url":"https:\/\/test.aperol.com\/stg\/app\/uploads\/2023\/04\/Tip-and-Tricks-5.jpg","type":"image\/jpeg"}],"twitter_card":"summary_large_image","schema":{"@context":"https:\/\/schema.org","@graph":[{"@type":"WebPage","@id":"https:\/\/test.aperol.com\/stg\/pl-pl\/aperol-spritz-drink\/","url":"https:\/\/test.aperol.com\/stg\/pl-pl\/aperol-spritz-drink\/","name":"Aperol Spritz przepis: jak przygotowa\u0107 oryginalny drink","isPartOf":{"@id":"https:\/\/test.aperol.com\/stg\/pl-pl\/#website"},"primaryImageOfPage":{"@id":"https:\/\/test.aperol.com\/stg\/pl-pl\/aperol-spritz-drink\/#primaryimage"},"image":{"@id":"https:\/\/test.aperol.com\/stg\/pl-pl\/aperol-spritz-drink\/#primaryimage"},"thumbnailUrl":"https:\/\/test.aperol.com\/stg\/app\/uploads\/2023\/04\/Tip-and-Tricks-5.jpg","datePublished":"2023-04-07T10:34:09+00:00","dateModified":"2026-03-11T12:17:15+00:00","description":"Poznaj oryginalny przepis na Aperol Spritz: w\u0142a\u015bciwe sk\u0142adniki, dok\u0142adne proporcje i przydatne wskaz\u00f3wki, jak przygotowa\u0107 ten s\u0142ynny w\u0142oski koktajl!","breadcrumb":{"@id":"https:\/\/test.aperol.com\/stg\/pl-pl\/aperol-spritz-drink\/#breadcrumb"},"inLanguage":"pl-PL","potentialAction":[{"@type":"ReadAction","target":["https:\/\/test.aperol.com\/stg\/pl-pl\/aperol-spritz-drink\/"]}]},{"@type":"ImageObject","inLanguage":"pl-PL","@id":"https:\/\/test.aperol.com\/stg\/pl-pl\/aperol-spritz-drink\/#primaryimage","url":"https:\/\/test.aperol.com\/stg\/app\/uploads\/2023\/04\/Tip-and-Tricks-5.jpg","contentUrl":"https:\/\/test.aperol.com\/stg\/app\/uploads\/2023\/04\/Tip-and-Tricks-5.jpg","width":765,"height":624,"caption":"Tip and Tricks"},{"@type":"BreadcrumbList","@id":"https:\/\/test.aperol.com\/stg\/pl-pl\/aperol-spritz-drink\/#breadcrumb","itemListElement":[{"@type":"ListItem","position":1,"name":"Home","item":"https:\/\/test.aperol.com\/stg\/pl-pl\/"},{"@type":"ListItem","position":2,"name":"Aperol Spritz koktajl"}]},{"@type":"WebSite","@id":"https:\/\/test.aperol.com\/stg\/pl-pl\/#website","url":"https:\/\/test.aperol.com\/stg\/pl-pl\/","name":"Aperol-poland-pl","description":"","publisher":{"@id":"https:\/\/test.aperol.com\/stg\/pl-pl\/#organization"},"potentialAction":[{"@type":"SearchAction","target":{"@type":"EntryPoint","urlTemplate":"https:\/\/test.aperol.com\/stg\/pl-pl\/?s={search_term_string}"},"query-input":{"@type":"PropertyValueSpecification","valueRequired":true,"valueName":"search_term_string"}}],"inLanguage":"pl-PL"},{"@type":"Organization","@id":"https:\/\/test.aperol.com\/stg\/pl-pl\/#organization","name":"Aperol","url":"https:\/\/test.aperol.com\/stg\/pl-pl\/","logo":{"@type":"ImageObject","inLanguage":"pl-PL","@id":"https:\/\/test.aperol.com\/stg\/pl-pl\/#\/schema\/logo\/image\/","url":"https:\/\/test.aperol.com\/stg\/app\/uploads\/2023\/05\/aperol-organization-logo.png","contentUrl":"https:\/\/test.aperol.com\/stg\/app\/uploads\/2023\/05\/aperol-organization-logo.png","width":720,"height":720,"caption":"Aperol"},"image":{"@id":"https:\/\/test.aperol.com\/stg\/pl-pl\/#\/schema\/logo\/image\/"}}]}},"_links":{"self":[{"href":"https:\/\/test.aperol.com\/stg\/pl-pl\/wp-json\/wp\/v2\/pages\/3321","targetHints":{"allow":["GET"]}}],"collection":[{"href":"https:\/\/test.aperol.com\/stg\/pl-pl\/wp-json\/wp\/v2\/pages"}],"about":[{"href":"https:\/\/test.aperol.com\/stg\/pl-pl\/wp-json\/wp\/v2\/types\/page"}],"author":[{"embeddable":true,"href":"https:\/\/test.aperol.com\/stg\/pl-pl\/wp-json\/wp\/v2\/users\/3"}],"replies":[{"embeddable":true,"href":"https:\/\/test.aperol.com\/stg\/pl-pl\/wp-json\/wp\/v2\/comments?post=3321"}],"version-history":[{"count":14,"href":"https:\/\/test.aperol.com\/stg\/pl-pl\/wp-json\/wp\/v2\/pages\/3321\/revisions"}],"predecessor-version":[{"id":20231,"href":"https:\/\/test.aperol.com\/stg\/pl-pl\/wp-json\/wp\/v2\/pages\/3321\/revisions\/20231"}],"wp:featuredmedia":[{"embeddable":true,"href":"https:\/\/test.aperol.com\/stg\/pl-pl\/wp-json\/wp\/v2\/media\/764"}],"wp:attachment":[{"href":"https:\/\/test.aperol.com\/stg\/pl-pl\/wp-json\/wp\/v2\/media?parent=3321"}],"curies":[{"name":"wp","href":"https:\/\/api.w.org\/{rel}","templated":true}]}}